{"id":15742,"date":"2025-08-01T12:50:06","date_gmt":"2025-08-01T10:50:06","guid":{"rendered":"https:\/\/kanga.exchange\/shop\/?post_type=product&#038;p=15742"},"modified":"2025-08-21T17:50:14","modified_gmt":"2025-08-21T15:50:14","slug":"orientalna-matrioszka","status":"publish","type":"product","link":"https:\/\/kanga.exchange\/shop\/produkt\/orientalna-matrioszka\/","title":{"rendered":"Orientalna Matrioszka"},"content":{"rendered":"<p><span style=\"font-weight: 400;\">Je\u015bli \u015bledzicie losy Kangi i naszych za\u0142o\u017cycieli, wiecie, \u017ce S\u0142awek, CEO Kanga uwielbia podr\u00f3\u017cowa\u0107. Z jednej ze swoich wypraw do Chin przywi\u00f3z\u0142 ze sob\u0105 wyj\u0105tkow\u0105 pami\u0105tk\u0119 <\/span><b>chi\u0144sk\u0105 matrioszk\u0119<\/b><span style=\"font-weight: 400;\">.<\/span><\/p>\n<p><span style=\"font-weight: 400;\">To wykonana drewniana lalka, sk\u0142adaj\u0105ca si\u0119 z mniejszych figurek ukrytych jedna w drugiej. Ka\u017cda z nich symbolizuje warto\u015bci g\u0142\u0119boko zakorzenione w chi\u0144skiej kulturze: r\u00f3wnowag\u0119, rodzin\u0119, szcz\u0119\u015bcie oraz ci\u0105g\u0142o\u015b\u0107 pokole\u0144.<\/span><\/p>\n<p><span style=\"font-weight: 400;\">Matrioszka zachwyca kunsztem wykonania i detalami. To nie tylko elegancka ozdoba, ale r\u00f3wnie\u017c unikalny prezent i cenny element kolekcji dla ka\u017cdego, kto ceni przedmioty z dusz\u0105 i histori\u0105.<\/span><\/p>\n<p><span style=\"font-weight: 400;\">W zestawie znajdziecie autograf S\u0142awka z dedykacj\u0105.<\/span><\/p>\n<p><span style=\"font-weight: 400;\">Uwaga: posiadamy tylko jedn\u0105 sztuk\u0119.<\/span><\/p>\n<p><span style=\"font-weight: 400;\">Ca\u0142kowity doch\u00f3d ze sprzeda\u017cy zostanie przekazany na cele charytatywne.<\/span><\/p>\n","protected":false},"excerpt":{"rendered":"<p>Je\u015bli \u015bledzicie losy Kangi i naszych za\u0142o\u017cycieli, wiecie, \u017ce S\u0142awek, CEO Kanga uwielbia podr\u00f3\u017cowa\u0107. Z jednej ze swoich wypraw do Chin przywi\u00f3z\u0142 ze sob\u0105 wyj\u0105tkow\u0105 pami\u0105tk\u0119 chi\u0144sk\u0105 matrioszk\u0119. To wykonana drewniana lalka, sk\u0142adaj\u0105ca si\u0119 z mniejszych figurek ukrytych jedna w drugiej. Ka\u017cda z nich symbolizuje warto\u015bci g\u0142\u0119boko zakorzenione w chi\u0144skiej kulturze: r\u00f3wnowag\u0119, rodzin\u0119, szcz\u0119\u015bcie oraz [&hellip;]<\/p>\n","protected":false},"featured_media":15741,"comment_status":"closed","ping_status":"closed","template":"","meta":{"inline_featured_image":false},"product_brand":[],"product_cat":[231],"product_tag":[],"class_list":{"0":"post-15742","1":"product","2":"type-product","3":"status-publish","4":"has-post-thumbnail","6":"product_cat-pomagamy","8":"first","9":"outofstock","10":"taxable","11":"shipping-taxable","12":"purchasable","13":"product-type-simple"},"_links":{"self":[{"href":"https:\/\/kanga.exchange\/shop\/wp-json\/wp\/v2\/product\/15742","targetHints":{"allow":["GET"]}}],"collection":[{"href":"https:\/\/kanga.exchange\/shop\/wp-json\/wp\/v2\/product"}],"about":[{"href":"https:\/\/kanga.exchange\/shop\/wp-json\/wp\/v2\/types\/product"}],"replies":[{"embeddable":true,"href":"https:\/\/kanga.exchange\/shop\/wp-json\/wp\/v2\/comments?post=15742"}],"wp:featuredmedia":[{"embeddable":true,"href":"https:\/\/kanga.exchange\/shop\/wp-json\/wp\/v2\/media\/15741"}],"wp:attachment":[{"href":"https:\/\/kanga.exchange\/shop\/wp-json\/wp\/v2\/media?parent=15742"}],"wp:term":[{"taxonomy":"product_brand","embeddable":true,"href":"https:\/\/kanga.exchange\/shop\/wp-json\/wp\/v2\/product_brand?post=15742"},{"taxonomy":"product_cat","embeddable":true,"href":"https:\/\/kanga.exchange\/shop\/wp-json\/wp\/v2\/product_cat?post=15742"},{"taxonomy":"product_tag","embeddable":true,"href":"https:\/\/kanga.exchange\/shop\/wp-json\/wp\/v2\/product_tag?post=15742"}],"curies":[{"name":"wp","href":"https:\/\/api.w.org\/{rel}","templated":true}]}}