{"id":11261,"date":"2025-05-06T09:57:52","date_gmt":"2025-05-06T07:57:52","guid":{"rendered":"https:\/\/kanga.exchange\/shop\/?post_type=product&#038;p=11261"},"modified":"2025-10-02T06:03:55","modified_gmt":"2025-10-02T04:03:55","slug":"ksiazka-kryptopapuga","status":"publish","type":"product","link":"https:\/\/kanga.exchange\/shop\/produkt\/ksiazka-kryptopapuga\/","title":{"rendered":"Ksi\u0105\u017cka KryptoPapuga"},"content":{"rendered":"<p><b>Przewodnik po prawnych i podatkowych aspektach kryptowalut<\/b><\/p>\n<p><span style=\"font-weight: 400;\">Zaczynasz inwestowa\u0107 w kryptowaluty? A mo\u017ce ju\u017c dzia\u0142asz w bran\u017cy i szukasz pewno\u015bci w g\u0105szczu zmieniaj\u0105cych si\u0119 przepis\u00f3w? Ksi\u0105\u017cka \u201eKryptoPapuga \u2013 poradnik dla gracza wysokiego ryzyka\u201d autorstwa Macieja Grzegorczyka, radcy prawnego i doradcy podatkowego, to praktyczny przewodnik po prawnych i podatkowych wyzwaniach rynku kryptoaktyw\u00f3w.<\/span><\/p>\n<p><span style=\"font-weight: 400;\">Znajdziesz tu odpowiedzi na kluczowe pytania:<\/span><\/p>\n<ul>\n<li style=\"font-weight: 400;\" aria-level=\"1\"><span style=\"font-weight: 400;\">Jakie obowi\u0105zki podatkowe ma inwestor w kryptowaluty?<\/span><\/li>\n<li style=\"font-weight: 400;\" aria-level=\"1\"><span style=\"font-weight: 400;\">Jak bezpiecznie prowadzi\u0107 dzia\u0142alno\u015b\u0107 w bran\u017cy blockchain?<\/span><\/li>\n<li style=\"font-weight: 400;\" aria-level=\"1\"><span style=\"font-weight: 400;\">Na co zwraca\u0107 uwag\u0119 w zmieniaj\u0105cym si\u0119 otoczeniu regulacyjnym?<\/span><\/li>\n<\/ul>\n<p><span style=\"font-weight: 400;\">Dlaczego warto?<\/span><\/p>\n<ul>\n<li style=\"font-weight: 400;\" aria-level=\"1\"><span style=\"font-weight: 400;\">Praktyczne rozwi\u0105zania realnych problem\u00f3w<\/span><\/li>\n<li style=\"font-weight: 400;\" aria-level=\"1\"><span style=\"font-weight: 400;\">Po\u0142\u0105czenie wiedzy prawnej, podatkowej i technologicznej<\/span><\/li>\n<li style=\"font-weight: 400;\" aria-level=\"1\"><span style=\"font-weight: 400;\">Przyst\u0119pny j\u0119zyk i przyk\u0142ady z praktyki<\/span><\/li>\n<li style=\"font-weight: 400;\" aria-level=\"1\"><span style=\"font-weight: 400;\">Do\u015bwiadczenie autora zdobyte w pracy z klientami sektora krypto<\/span><\/li>\n<\/ul>\n<p><span style=\"font-weight: 400;\">Informacje o produkcie:<\/span><\/p>\n<p><span style=\"font-weight: 400;\">Tytu\u0142: KryptoPapuga &#8211; Poradnik dla gracza wysokiego ryzyka<\/span><\/p>\n<p><span style=\"font-weight: 400;\">Autor: r. pr. dor. pod. Maciej Grzegorczyk<\/span><\/p>\n<p><span style=\"font-weight: 400;\">Wydawnictwo: Ksi\u0119gi Barneja Wydawnictwo<\/span><\/p>\n<p><span style=\"font-weight: 400;\">J\u0119zyk wydania: polski<\/span><\/p>\n<p><span style=\"font-weight: 400;\">Ok\u0142adka: mi\u0119kka<\/span><\/p>\n<p><span style=\"font-weight: 400;\">Liczba stron: 250<\/span><\/p>\n<p><span style=\"font-weight: 400;\">Bezpiecznie poruszaj si\u0119 w prawnym labiryncie kryptowalut. Poznaj pu\u0142apki, unikaj b\u0142\u0119d\u00f3w i buduj swoj\u0105 pozycj\u0119 na dynamicznym rynku aktyw\u00f3w cyfrowych.<\/span><\/p>\n<div class=\"elementor-element elementor-element-cf936b7 elementor-widget elementor-widget-porto_cp_tabs\" data-id=\"cf936b7\" data-element_type=\"widget\" data-widget_type=\"porto_cp_tabs.default\">\n<div class=\"elementor-widget-container\">\n<div id=\"product-tab\" class=\"woocommerce-tabs woocommerce-tabs-ibs4owqh resp-htabs\">\n<div class=\"resp-tabs-container\">\n<div id=\"tab-description\" class=\"tab-content resp-tab-content resp-tab-content-active\" aria-labelledby=\"tab_item-0\">\n<p>P\u0142atno\u015b\u0107 Kanga Pay daje rabat -15%<\/p>\n<\/div>\n<\/div>\n<\/div>\n<\/div>\n<\/div>\n","protected":false},"excerpt":{"rendered":"<p>Przewodnik po prawnych i podatkowych aspektach kryptowalut Zaczynasz inwestowa\u0107 w kryptowaluty? A mo\u017ce ju\u017c dzia\u0142asz w bran\u017cy i szukasz pewno\u015bci w g\u0105szczu zmieniaj\u0105cych si\u0119 przepis\u00f3w? Ksi\u0105\u017cka \u201eKryptoPapuga \u2013 poradnik dla gracza wysokiego ryzyka\u201d autorstwa Macieja Grzegorczyka, radcy prawnego i doradcy podatkowego, to praktyczny przewodnik po prawnych i podatkowych wyzwaniach rynku kryptoaktyw\u00f3w. Znajdziesz tu odpowiedzi na [&hellip;]<\/p>\n","protected":false},"featured_media":11256,"comment_status":"closed","ping_status":"closed","template":"","meta":{"inline_featured_image":false},"product_brand":[],"product_cat":[83],"product_tag":[],"class_list":{"0":"post-11261","1":"product","2":"type-product","3":"status-publish","4":"has-post-thumbnail","6":"product_cat-ksiazki","8":"first","9":"instock","10":"sale","11":"taxable","12":"shipping-taxable","13":"purchasable","14":"product-type-simple"},"_links":{"self":[{"href":"https:\/\/kanga.exchange\/shop\/wp-json\/wp\/v2\/product\/11261","targetHints":{"allow":["GET"]}}],"collection":[{"href":"https:\/\/kanga.exchange\/shop\/wp-json\/wp\/v2\/product"}],"about":[{"href":"https:\/\/kanga.exchange\/shop\/wp-json\/wp\/v2\/types\/product"}],"replies":[{"embeddable":true,"href":"https:\/\/kanga.exchange\/shop\/wp-json\/wp\/v2\/comments?post=11261"}],"wp:featuredmedia":[{"embeddable":true,"href":"https:\/\/kanga.exchange\/shop\/wp-json\/wp\/v2\/media\/11256"}],"wp:attachment":[{"href":"https:\/\/kanga.exchange\/shop\/wp-json\/wp\/v2\/media?parent=11261"}],"wp:term":[{"taxonomy":"product_brand","embeddable":true,"href":"https:\/\/kanga.exchange\/shop\/wp-json\/wp\/v2\/product_brand?post=11261"},{"taxonomy":"product_cat","embeddable":true,"href":"https:\/\/kanga.exchange\/shop\/wp-json\/wp\/v2\/product_cat?post=11261"},{"taxonomy":"product_tag","embeddable":true,"href":"https:\/\/kanga.exchange\/shop\/wp-json\/wp\/v2\/product_tag?post=11261"}],"curies":[{"name":"wp","href":"https:\/\/api.w.org\/{rel}","templated":true}]}}