{"id":11000,"date":"2025-02-21T12:09:41","date_gmt":"2025-02-21T11:09:41","guid":{"rendered":"https:\/\/kanga.exchange\/shop\/?post_type=product&#038;p=11000"},"modified":"2025-12-30T15:00:19","modified_gmt":"2025-12-30T14:00:19","slug":"koszulka-proof-of-love","status":"publish","type":"product","link":"https:\/\/kanga.exchange\/shop\/produkt\/koszulka-proof-of-love\/","title":{"rendered":"Koszulka Proof of Love"},"content":{"rendered":"<ul>\n<li style=\"font-weight: 400;\" aria-level=\"1\"><span style=\"font-weight: 400;\">Kolor: Bia\u0142y<\/span><\/li>\n<li style=\"font-weight: 400;\" aria-level=\"1\"><span style=\"font-weight: 400;\">Materia\u0142: 100% bawe\u0142na<\/span><\/li>\n<li style=\"font-weight: 400;\" aria-level=\"1\"><span style=\"font-weight: 400;\">Kr\u00f3j: Uniwersalny<\/span><\/li>\n<li style=\"font-weight: 400;\" aria-level=\"1\"><span style=\"font-weight: 400;\">Dekolt: P\u00f3\u0142okr\u0105g\u0142y<\/span><\/li>\n<li style=\"font-weight: 400;\" aria-level=\"1\"><span style=\"font-weight: 400;\">R\u0119kaw: Kr\u00f3tki<\/span><\/li>\n<li style=\"font-weight: 400;\" aria-level=\"1\"><span style=\"font-weight: 400;\">Rozmiary: S, M, L, XL<\/span><\/li>\n<\/ul>\n","protected":false},"excerpt":{"rendered":"<p><span style=\"font-weight: 400;\">Koszulka Proof of Love to nawi\u0105zanie do \u015bwiata kryptowalut, inspirowane mechanizmem Proof of Stake. Tak jak w blockchainie zaufanie buduje sie\u0107, tak tutaj symbolizuje ono uczucie oparte na zaanga\u017cowaniu i wzajemnym wsparciu.<\/span><\/p>\n<p><b>P\u0142atno\u015b\u0107 Kanga Pay daje rabat -15%<\/b><\/p>\n","protected":false},"featured_media":10784,"comment_status":"open","ping_status":"closed","template":"","meta":{"inline_featured_image":false},"product_brand":[],"product_cat":[153,54],"product_tag":[],"class_list":{"0":"post-11000","1":"product","2":"type-product","3":"status-publish","4":"has-post-thumbnail","6":"product_cat-odzieziakcesoria","7":"product_cat-t-shirty","8":"pa_size-l-pl","9":"pa_size-m-pl","10":"pa_size-s-pl","11":"pa_size-xl-pl","13":"first","14":"instock","15":"taxable","16":"shipping-taxable","17":"purchasable","18":"product-type-variable","19":"has-default-attributes"},"_links":{"self":[{"href":"https:\/\/kanga.exchange\/shop\/wp-json\/wp\/v2\/product\/11000","targetHints":{"allow":["GET"]}}],"collection":[{"href":"https:\/\/kanga.exchange\/shop\/wp-json\/wp\/v2\/product"}],"about":[{"href":"https:\/\/kanga.exchange\/shop\/wp-json\/wp\/v2\/types\/product"}],"replies":[{"embeddable":true,"href":"https:\/\/kanga.exchange\/shop\/wp-json\/wp\/v2\/comments?post=11000"}],"wp:featuredmedia":[{"embeddable":true,"href":"https:\/\/kanga.exchange\/shop\/wp-json\/wp\/v2\/media\/10784"}],"wp:attachment":[{"href":"https:\/\/kanga.exchange\/shop\/wp-json\/wp\/v2\/media?parent=11000"}],"wp:term":[{"taxonomy":"product_brand","embeddable":true,"href":"https:\/\/kanga.exchange\/shop\/wp-json\/wp\/v2\/product_brand?post=11000"},{"taxonomy":"product_cat","embeddable":true,"href":"https:\/\/kanga.exchange\/shop\/wp-json\/wp\/v2\/product_cat?post=11000"},{"taxonomy":"product_tag","embeddable":true,"href":"https:\/\/kanga.exchange\/shop\/wp-json\/wp\/v2\/product_tag?post=11000"}],"curies":[{"name":"wp","href":"https:\/\/api.w.org\/{rel}","templated":true}]}}