{"id":10936,"date":"2025-02-14T13:35:01","date_gmt":"2025-02-14T12:35:01","guid":{"rendered":"https:\/\/kanga.exchange\/shop\/?post_type=product&#038;p=10936"},"modified":"2025-09-19T13:02:54","modified_gmt":"2025-09-19T11:02:54","slug":"dudek-o-historii-narodziny-iii-rp","status":"publish","type":"product","link":"https:\/\/kanga.exchange\/shop\/produkt\/dudek-o-historii-narodziny-iii-rp\/","title":{"rendered":"Dudek o historii. Narodziny III RP"},"content":{"rendered":"<p><span style=\"font-weight: 400;\">Autor bardzo znanego i cenionego kana\u0142u na YouTubie i podcastu Dudek o Historii, tw\u00f3rca bestsellerowej monumentalnej Historii politycznej Polski 1989\u20132023 oraz odwa\u017cnej Reglamentowanej rewolucji, znakomity politolog i historyk \u2013 w wyj\u0105tkowej ksi\u0105\u017cce popularyzuj\u0105cej dzieje najnowsze!<\/span><\/p>\n<p><span style=\"font-weight: 400;\">Profesor Antoni Dudek z pasj\u0105, ale bez agitacji pisze o naszej przesz\u0142o\u015bci, wa\u017c\u0105c racje i nie wydaj\u0105c pochopnych wyrok\u00f3w. Wnikliwie analizuje najwa\u017cniejsze wydarzenia dotycz\u0105ce narodzin III Rzeczpospolitej \u2013 od Okr\u0105g\u0142ego Sto\u0142u po wyprowadzenie wojsk sowieckich z Polski \u2013 a swoj\u0105 opowie\u015b\u0107 konstruuje tak, by by\u0142a przyst\u0119pna dla szerokiego grona czytelnik\u00f3w. Wszystkim rozdzia\u0142om ksi\u0105\u017cki towarzyszy za\u015b charakterystyczne dla Dudka my\u015blenie: je\u015bli uwa\u017cnie obserwuje si\u0119 tera\u017aniejszo\u015b\u0107, mo\u017cna zobaczy\u0107, jak przemo\u017cny wp\u0142yw wywar\u0142a i wywiera na ni\u0105 nasza przesz\u0142o\u015b\u0107.<\/span><\/p>\n<p><span style=\"font-weight: 400;\">Antoni Dudek (1966) \u2013 profesor nauk humanistycznych, pracownik Instytutu Historii UKSW w Warszawie. Publicysta i komentator polityczny. Tw\u00f3rca popularnego kana\u0142u youtubowego Dudek o Historii. Prowadzi w Programie II Polskiego Radia cykliczn\u0105 audycj\u0119 Rzeczypospolite, a na kanale \u201eSuper Expressu\u201d program Dudek o Polityce. Autor i wsp\u00f3\u0142autor ponad dwudziestu ksi\u0105\u017cek z zakresu historii Polski XX w.<\/span><\/p>\n<p><span style=\"font-weight: 400;\">Powy\u017cszy opis pochodzi od wydawcy.<\/span><\/p>\n<p><strong>Informacje o produkcie:<\/strong><\/p>\n<p><span style=\"font-weight: 400;\">Tytu\u0142: Dudek o historii. Narodziny III RP<\/span><\/p>\n<p><span style=\"font-weight: 400;\">Autor: Dudek Antoni<\/span><\/p>\n<p><span style=\"font-weight: 400;\">Wydawnictwo: Wydawnictwo W.A.B.<\/span><\/p>\n<p><span style=\"font-weight: 400;\">J\u0119zyk wydania: polski<\/span><\/p>\n<p><span style=\"font-weight: 400;\">Ok\u0142adka: twarda<\/span><\/p>\n<p><span style=\"font-weight: 400;\">Liczba stron: 320<\/span><\/p>\n<p><strong>Ka\u017cdy egzemplarz zosta\u0142 osobi\u015bcie podpisany przez autora, Antoniego Dudka<\/strong><\/p>\n<p><span style=\"font-weight: 400;\">P\u0142atno\u015b\u0107 Kanga Pay daje rabat -15%.<\/span><\/p>\n","protected":false},"excerpt":{"rendered":"<p>Autor bardzo znanego i cenionego kana\u0142u na YouTubie i podcastu Dudek o Historii, tw\u00f3rca bestsellerowej monumentalnej Historii politycznej Polski 1989\u20132023 oraz odwa\u017cnej Reglamentowanej rewolucji, znakomity politolog i historyk \u2013 w wyj\u0105tkowej ksi\u0105\u017cce popularyzuj\u0105cej dzieje najnowsze! Profesor Antoni Dudek z pasj\u0105, ale bez agitacji pisze o naszej przesz\u0142o\u015bci, wa\u017c\u0105c racje i nie wydaj\u0105c pochopnych wyrok\u00f3w. Wnikliwie [&hellip;]<\/p>\n","protected":false},"featured_media":10935,"comment_status":"open","ping_status":"closed","template":"","meta":{"inline_featured_image":false},"product_brand":[],"product_cat":[83],"product_tag":[],"class_list":{"0":"post-10936","1":"product","2":"type-product","3":"status-publish","4":"has-post-thumbnail","6":"product_cat-ksiazki","8":"first","9":"instock","10":"sale","11":"taxable","12":"shipping-taxable","13":"purchasable","14":"product-type-simple"},"_links":{"self":[{"href":"https:\/\/kanga.exchange\/shop\/wp-json\/wp\/v2\/product\/10936","targetHints":{"allow":["GET"]}}],"collection":[{"href":"https:\/\/kanga.exchange\/shop\/wp-json\/wp\/v2\/product"}],"about":[{"href":"https:\/\/kanga.exchange\/shop\/wp-json\/wp\/v2\/types\/product"}],"replies":[{"embeddable":true,"href":"https:\/\/kanga.exchange\/shop\/wp-json\/wp\/v2\/comments?post=10936"}],"wp:featuredmedia":[{"embeddable":true,"href":"https:\/\/kanga.exchange\/shop\/wp-json\/wp\/v2\/media\/10935"}],"wp:attachment":[{"href":"https:\/\/kanga.exchange\/shop\/wp-json\/wp\/v2\/media?parent=10936"}],"wp:term":[{"taxonomy":"product_brand","embeddable":true,"href":"https:\/\/kanga.exchange\/shop\/wp-json\/wp\/v2\/product_brand?post=10936"},{"taxonomy":"product_cat","embeddable":true,"href":"https:\/\/kanga.exchange\/shop\/wp-json\/wp\/v2\/product_cat?post=10936"},{"taxonomy":"product_tag","embeddable":true,"href":"https:\/\/kanga.exchange\/shop\/wp-json\/wp\/v2\/product_tag?post=10936"}],"curies":[{"name":"wp","href":"https:\/\/api.w.org\/{rel}","templated":true}]}}