{"id":10924,"date":"2025-02-14T12:45:05","date_gmt":"2025-02-14T11:45:05","guid":{"rendered":"https:\/\/kanga.exchange\/shop\/?post_type=product&#038;p=10924"},"modified":"2025-09-19T13:05:47","modified_gmt":"2025-09-19T11:05:47","slug":"historia-polityczna-polski-1989-2023","status":"publish","type":"product","link":"https:\/\/kanga.exchange\/shop\/produkt\/historia-polityczna-polski-1989-2023\/","title":{"rendered":"Historia polityczna Polski 1989\u20132023"},"content":{"rendered":"<p><span style=\"font-weight: 400;\">Jest to wyk\u0142ad rzetelny, skonstruowany \u015bci\u015ble chronologicznie, bardziej opowiadaj\u0105cy ni\u017c analizuj\u0105cy. Historia polityczna w uj\u0119ciu Autora to historia polityki, kt\u00f3ra rozgrywa si\u0119 przede wszystkim na terenie instytucji pa\u0144stwowych i w obr\u0119bie klasy politycznej. G\u0142\u00f3wnym podmiotem nie jest wi\u0119c anonimowe spo\u0142ecze\u0144stwo, obecne w postaci wynik\u00f3w sonda\u017cy i g\u0142osowa\u0144, a niekiedy opisu strajk\u00f3w. S\u0105 nim bezpo\u015bredni uczestnicy \u2013 przede wszystkim liderzy \u2013 gry (walki) politycznej, co nadaje p\u0142ynno\u015bci wywodom Antoniego Dudka i podnosi temperatur\u0119 narracji.<\/span><\/p>\n<p><span style=\"font-weight: 400;\">Powy\u017cszy opis pochodzi od wydawcy.<\/span><\/p>\n<p><strong>Informacje o produkcie:<\/strong><\/p>\n<p><span style=\"font-weight: 400;\">Tytu\u0142: Historia polityczna Polski 1989\u20132023<\/span><\/p>\n<p><span style=\"font-weight: 400;\">Autor: Dudek Antoni<\/span><\/p>\n<p><span style=\"font-weight: 400;\">Wydawnictwo: Wydawnictwo Naukowe Scholar<\/span><\/p>\n<p><span style=\"font-weight: 400;\">J\u0119zyk wydania: polski<\/span><\/p>\n<p><span style=\"font-weight: 400;\">Ok\u0142adka: twarda<\/span><\/p>\n<p><span style=\"font-weight: 400;\">Liczba stron: 784<\/span><\/p>\n<p><strong>Ka\u017cdy egzemplarz zosta\u0142 osobi\u015bcie podpisany przez autora, Antoniego Dudka<\/strong><\/p>\n<p><span style=\"font-weight: 400;\">P\u0142atno\u015b\u0107 Kanga Pay daje rabat -15%.<\/span><\/p>\n","protected":false},"excerpt":{"rendered":"<p>Jest to wyk\u0142ad rzetelny, skonstruowany \u015bci\u015ble chronologicznie, bardziej opowiadaj\u0105cy ni\u017c analizuj\u0105cy. Historia polityczna w uj\u0119ciu Autora to historia polityki, kt\u00f3ra rozgrywa si\u0119 przede wszystkim na terenie instytucji pa\u0144stwowych i w obr\u0119bie klasy politycznej. G\u0142\u00f3wnym podmiotem nie jest wi\u0119c anonimowe spo\u0142ecze\u0144stwo, obecne w postaci wynik\u00f3w sonda\u017cy i g\u0142osowa\u0144, a niekiedy opisu strajk\u00f3w. S\u0105 nim bezpo\u015bredni uczestnicy [&hellip;]<\/p>\n","protected":false},"featured_media":10923,"comment_status":"open","ping_status":"closed","template":"","meta":{"inline_featured_image":false},"product_brand":[],"product_cat":[83],"product_tag":[],"class_list":{"0":"post-10924","1":"product","2":"type-product","3":"status-publish","4":"has-post-thumbnail","6":"product_cat-ksiazki","8":"first","9":"instock","10":"sale","11":"taxable","12":"shipping-taxable","13":"purchasable","14":"product-type-simple"},"_links":{"self":[{"href":"https:\/\/kanga.exchange\/shop\/wp-json\/wp\/v2\/product\/10924","targetHints":{"allow":["GET"]}}],"collection":[{"href":"https:\/\/kanga.exchange\/shop\/wp-json\/wp\/v2\/product"}],"about":[{"href":"https:\/\/kanga.exchange\/shop\/wp-json\/wp\/v2\/types\/product"}],"replies":[{"embeddable":true,"href":"https:\/\/kanga.exchange\/shop\/wp-json\/wp\/v2\/comments?post=10924"}],"wp:featuredmedia":[{"embeddable":true,"href":"https:\/\/kanga.exchange\/shop\/wp-json\/wp\/v2\/media\/10923"}],"wp:attachment":[{"href":"https:\/\/kanga.exchange\/shop\/wp-json\/wp\/v2\/media?parent=10924"}],"wp:term":[{"taxonomy":"product_brand","embeddable":true,"href":"https:\/\/kanga.exchange\/shop\/wp-json\/wp\/v2\/product_brand?post=10924"},{"taxonomy":"product_cat","embeddable":true,"href":"https:\/\/kanga.exchange\/shop\/wp-json\/wp\/v2\/product_cat?post=10924"},{"taxonomy":"product_tag","embeddable":true,"href":"https:\/\/kanga.exchange\/shop\/wp-json\/wp\/v2\/product_tag?post=10924"}],"curies":[{"name":"wp","href":"https:\/\/api.w.org\/{rel}","templated":true}]}}