{"id":10356,"date":"2025-01-22T10:37:07","date_gmt":"2025-01-22T09:37:07","guid":{"rendered":"https:\/\/kanga.exchange\/shop\/?post_type=product&#038;p=10356"},"modified":"2025-09-19T11:23:16","modified_gmt":"2025-09-19T09:23:16","slug":"planer-od-kangi","status":"publish","type":"product","link":"https:\/\/kanga.exchange\/shop\/produkt\/planer-od-kangi\/","title":{"rendered":"Planer od Kangi"},"content":{"rendered":"<p><span style=\"font-weight: 400;\">Przedstawiamy nasz autorski planer, zaprojektowany przez nasz\u0105 graficzk\u0119, dok\u0142adnie tak, jak sami chcieliby\u015bmy z niego korzysta\u0107. Planer jest nie tylko pi\u0119kny, ale przede wszystkim praktyczny.<\/span><\/p>\n<p><b>Dlaczego planer jest wyj\u0105tkowy?<\/b><\/p>\n<p><span style=\"font-weight: 400;\">Jest to planer, w kt\u00f3rym samodzielnie wpisujesz nazwy miesi\u0119cy i lat, co sprawia, \u017ce jest uniwersalny i mo\u017cesz korzysta\u0107 z niego przez wiele lat.\u00a0<\/span><\/p>\n<p><span style=\"font-weight: 400;\">Zosta\u0142 podzielony na miesi\u0105ce i dni, umo\u017cliwiaj\u0105c wygodne planowanie codziennych zada\u0144, przestrze\u0144 na listy rzeczy do zrobienia oraz priorytety dnia.\u00a0<\/span><\/p>\n<p><span style=\"font-weight: 400;\">Dodatkowo, sekcja na notatki pozwala na zapisanie wa\u017cnych informacji.<\/span><\/p>\n<p><span style=\"font-weight: 400;\">Zawiera ciekawostki ze \u015bwiata kryptowalut i blockchaina oraz inspiruj\u0105ce cytaty od os\u00f3b zwi\u0105zanych z t\u0105 tematyk\u0105.<\/span><\/p>\n<p><span style=\"font-weight: 400;\">W \u015brodku znajdziesz tak\u017ce dodatkowe elementy, takie jak krzy\u017c\u00f3wki, \u0142amig\u0142\u00f3wki, gry i inne interesuj\u0105ce atrakcje.<\/span><\/p>\n<p><span style=\"font-weight: 400;\">Jego kompaktowy format A5 sprawia, \u017ce jest idealny do torebki lub na biurko, nie jest ani za ma\u0142y, ani za du\u017cy.<\/span><\/p>\n<p><b>Wypr\u00f3buj nasz planer, je\u015bli:<\/b><\/p>\n<ul>\n<li style=\"font-weight: 400;\" aria-level=\"1\"><span style=\"font-weight: 400;\">Chcesz wyznacza\u0107 i realizowa\u0107 swoje cele, rozwijaj\u0105c si\u0119 ka\u017cdego dnia.<\/span><\/li>\n<li style=\"font-weight: 400;\" aria-level=\"1\"><span style=\"font-weight: 400;\">Lubisz mie\u0107 wszystkie plany i notatki w jednym miejscu.<\/span><\/li>\n<li style=\"font-weight: 400;\" aria-level=\"1\"><span style=\"font-weight: 400;\">Masz trudno\u015bci z planowaniem i chcesz to zmieni\u0107.<\/span><\/li>\n<li style=\"font-weight: 400;\" aria-level=\"1\"><span style=\"font-weight: 400;\">Cenisz estetyczne wykonanie, wysok\u0105 jako\u015b\u0107 i minimalistyczny styl.<\/span><\/li>\n<\/ul>\n<p>P\u0142atno\u015b\u0107 Kanga Pay daje rabat -15%<\/p>\n","protected":false},"excerpt":{"rendered":"<div class=\"woocommerce-product-details__short-description\">\n<p>&nbsp;<\/p>\n<\/div>\n<div class=\"unicoin-price-container\"><\/div>\n","protected":false},"featured_media":10098,"comment_status":"open","ping_status":"closed","template":"","meta":{"inline_featured_image":false},"product_brand":[],"product_cat":[160,175],"product_tag":[],"class_list":{"0":"post-10356","1":"product","2":"type-product","3":"status-publish","4":"has-post-thumbnail","6":"product_cat-gadzetyiakcesoriabiurowe","7":"product_cat-planery","9":"first","10":"instock","11":"taxable","12":"shipping-taxable","13":"purchasable","14":"product-type-variable","15":"has-default-attributes"},"_links":{"self":[{"href":"https:\/\/kanga.exchange\/shop\/wp-json\/wp\/v2\/product\/10356","targetHints":{"allow":["GET"]}}],"collection":[{"href":"https:\/\/kanga.exchange\/shop\/wp-json\/wp\/v2\/product"}],"about":[{"href":"https:\/\/kanga.exchange\/shop\/wp-json\/wp\/v2\/types\/product"}],"replies":[{"embeddable":true,"href":"https:\/\/kanga.exchange\/shop\/wp-json\/wp\/v2\/comments?post=10356"}],"wp:featuredmedia":[{"embeddable":true,"href":"https:\/\/kanga.exchange\/shop\/wp-json\/wp\/v2\/media\/10098"}],"wp:attachment":[{"href":"https:\/\/kanga.exchange\/shop\/wp-json\/wp\/v2\/media?parent=10356"}],"wp:term":[{"taxonomy":"product_brand","embeddable":true,"href":"https:\/\/kanga.exchange\/shop\/wp-json\/wp\/v2\/product_brand?post=10356"},{"taxonomy":"product_cat","embeddable":true,"href":"https:\/\/kanga.exchange\/shop\/wp-json\/wp\/v2\/product_cat?post=10356"},{"taxonomy":"product_tag","embeddable":true,"href":"https:\/\/kanga.exchange\/shop\/wp-json\/wp\/v2\/product_tag?post=10356"}],"curies":[{"name":"wp","href":"https:\/\/api.w.org\/{rel}","templated":true}]}}