{"id":10325,"date":"2025-01-21T09:37:36","date_gmt":"2025-01-21T08:37:36","guid":{"rendered":"https:\/\/kanga.exchange\/shop\/?post_type=product&#038;p=10325"},"modified":"2025-02-10T16:26:43","modified_gmt":"2025-02-10T15:26:43","slug":"koszulka-limitowana-captain","status":"publish","type":"product","link":"https:\/\/kanga.exchange\/shop\/produkt\/koszulka-limitowana-captain\/","title":{"rendered":"Koszulka limitowana Captain"},"content":{"rendered":"<p><span style=\"font-weight: 400;\">Koszulka Captain z kolekcji Steamboat Hossa to limitowana edycja, dost\u0119pna w zaledwie 21 egzemplarzach. Jest to wsp\u00f3\u0142czesna interpretacja s\u0142ynnej myszki, kt\u00f3ra \u0142\u0105czy \u015bwiat bajek i kryptowalut. Bia\u0142a koszulka przedstawia myszk\u0119 p\u0142yn\u0105c\u0105 na statku, a z przodu widnieje napis: <\/span><i><span style=\"font-weight: 400;\">&#8222;Captain! I see a bull market on the horizon.&#8221;<\/span><\/i><\/p>\n<p><span style=\"font-weight: 400;\">Do zestawu do\u0142\u0105czone s\u0105 gad\u017cety zwi\u0105zane z kolekcj\u0105 Steamboat Hossa, takie jak magnes oraz plakat.<\/span><\/p>\n<p><b>Specyfikacja produktu:<\/b><\/p>\n<ul>\n<li style=\"font-weight: 400;\" aria-level=\"1\"><b>Kolor:<\/b><span style=\"font-weight: 400;\"> bia\u0142y<\/span><\/li>\n<li style=\"font-weight: 400;\" aria-level=\"1\"><b>Materia\u0142:<\/b><span style=\"font-weight: 400;\"> 100% bawe\u0142na o gramaturze 170 g\/m\u00b2<\/span><\/li>\n<li style=\"font-weight: 400;\" aria-level=\"1\"><b>Rozmiary:<\/b><span style=\"font-weight: 400;\"> S, M, L, XL<\/span><\/li>\n<li style=\"font-weight: 400;\" aria-level=\"1\"><b>Kr\u00f3j:<\/b><span style=\"font-weight: 400;\"> uniwersalny<\/span><\/li>\n<li style=\"font-weight: 400;\" aria-level=\"1\"><b>R\u0119kaw:<\/b><span style=\"font-weight: 400;\"> kr\u00f3tki<\/span><\/li>\n<li style=\"font-weight: 400;\" aria-level=\"1\"><b>Dekolt:<\/b><span style=\"font-weight: 400;\"> p\u00f3\u0142okr\u0105g\u0142y<\/span><\/li>\n<\/ul>\n","protected":false},"excerpt":{"rendered":"<p><span style=\"font-weight: 400;\">P\u0142atno\u015b\u0107 Kanga Pay daje rabat -15%<\/span><\/p>\n","protected":false},"featured_media":10331,"comment_status":"open","ping_status":"closed","template":"","meta":{"inline_featured_image":false},"product_brand":[],"product_cat":[227,153,54],"product_tag":[],"class_list":{"0":"post-10325","1":"product","2":"type-product","3":"status-publish","4":"has-post-thumbnail","6":"product_cat-limtowane","7":"product_cat-odzieziakcesoria","8":"product_cat-t-shirty","9":"pa_size-l-pl","10":"pa_size-m-pl","11":"pa_size-s-pl","12":"pa_size-xl-pl","14":"first","15":"instock","16":"taxable","17":"shipping-taxable","18":"purchasable","19":"product-type-variable","20":"has-default-attributes"},"_links":{"self":[{"href":"https:\/\/kanga.exchange\/shop\/wp-json\/wp\/v2\/product\/10325","targetHints":{"allow":["GET"]}}],"collection":[{"href":"https:\/\/kanga.exchange\/shop\/wp-json\/wp\/v2\/product"}],"about":[{"href":"https:\/\/kanga.exchange\/shop\/wp-json\/wp\/v2\/types\/product"}],"replies":[{"embeddable":true,"href":"https:\/\/kanga.exchange\/shop\/wp-json\/wp\/v2\/comments?post=10325"}],"wp:featuredmedia":[{"embeddable":true,"href":"https:\/\/kanga.exchange\/shop\/wp-json\/wp\/v2\/media\/10331"}],"wp:attachment":[{"href":"https:\/\/kanga.exchange\/shop\/wp-json\/wp\/v2\/media?parent=10325"}],"wp:term":[{"taxonomy":"product_brand","embeddable":true,"href":"https:\/\/kanga.exchange\/shop\/wp-json\/wp\/v2\/product_brand?post=10325"},{"taxonomy":"product_cat","embeddable":true,"href":"https:\/\/kanga.exchange\/shop\/wp-json\/wp\/v2\/product_cat?post=10325"},{"taxonomy":"product_tag","embeddable":true,"href":"https:\/\/kanga.exchange\/shop\/wp-json\/wp\/v2\/product_tag?post=10325"}],"curies":[{"name":"wp","href":"https:\/\/api.w.org\/{rel}","templated":true}]}}