{"id":10118,"date":"2024-12-30T13:58:33","date_gmt":"2024-12-30T12:58:33","guid":{"rendered":"https:\/\/kanga.exchange\/shop\/?post_type=product&#038;p=10118"},"modified":"2025-05-26T14:38:58","modified_gmt":"2025-05-26T12:38:58","slug":"buty-od-kangi","status":"publish","type":"product","link":"https:\/\/kanga.exchange\/shop\/produkt\/buty-od-kangi\/","title":{"rendered":"Buty od Kangi"},"content":{"rendered":"<p><span style=\"font-weight: 400;\">Widzieli\u015bcie ju\u017c nasz najnowszy projekt customowych but\u00f3w? Jeste\u015bmy nimi zachwyceni, a Wy? Co o nich s\u0105dzicie?<\/span><\/p>\n<p><span style=\"font-weight: 400;\">Buty mo\u017cecie zobaczy\u0107 na nogach S\u0142awka w niekt\u00f3rych odcinkach \u201eKwadransa z Kang\u0105\u201d, \u201eNo Comment\u201d oraz w innych naszych produkcjach.<\/span><\/p>\n<p><span style=\"font-weight: 400;\">Je\u015bli szukasz obuwia, kt\u00f3re pozwoli Ci wyr\u00f3\u017cni\u0107 si\u0119 z t\u0142umu, przyci\u0105gnie spojrzenia innych lub podkre\u015bli Twoj\u0105 pasj\u0119 do kryptowalut, te buty b\u0119d\u0105 \u015bwietnym wyborem dla Ciebie.<\/span><\/p>\n<p><span style=\"font-weight: 400;\">Pami\u0119taj, \u017ce mo\u017cesz r\u00f3wnie\u017c spersonalizowa\u0107 swoje buty. Dla nas to \u017caden problem! Je\u015bli masz pytania, pisz \u015bmia\u0142o na shop@kanga.exchange \u2013 z przyjemno\u015bci\u0105 pomo\u017cemy! Cena ko\u0144cowa mo\u017ce si\u0119 r\u00f3\u017cni\u0107 w zale\u017cno\u015bci od ilo\u015bci i skomplikowania wybranych detali.<\/span><\/p>\n<p><span style=\"font-weight: 400;\">Czas realizacji zam\u00f3wienia wynosi oko\u0142o 4 tygodni.<\/span><\/p>\n<p><span style=\"font-weight: 400;\">Nasze customowe buty dost\u0119pne s\u0105 w r\u00f3\u017cnych popularnych modelach, jednak warto pami\u0119ta\u0107, \u017ce najciekawsze efekty wizualne osi\u0105ga si\u0119 na jasnych butach \u2013 kolory i wzory s\u0105 wtedy bardziej wyraziste i przyci\u0105gaj\u0105 wzrok.<\/span><\/p>\n<p><span style=\"font-weight: 400;\">Serdecznie zapraszamy Ci\u0119 do zakupu but\u00f3w i do\u0142\u0105czenia do grona naszych zadowolonych klient\u00f3w!<\/span><\/p>\n<p><span style=\"font-weight: 400;\">Wi\u0119c na koniec nasz okrzyk: Kanga Na Fali!<\/span><\/p>\n<p>Uwaga, cena 2300 z\u0142 dotyczy samego projektu na butach. Do tej kwoty nale\u017cy doliczy\u0107 cen\u0119 but\u00f3w, kt\u00f3ra zale\u017cy od wybranego modelu. Ostateczna cena mo\u017ce si\u0119 r\u00f3\u017cni\u0107 w zale\u017cno\u015bci od liczby i z\u0142o\u017cono\u015bci wybranych detali.<\/p>\n","protected":false},"excerpt":{"rendered":"<p>Uwaga, cena 2300 z\u0142 dotyczy samego projektu na butach. Do tej kwoty nale\u017cy doliczy\u0107 cen\u0119 but\u00f3w, kt\u00f3ra zale\u017cy od wybranego modelu. Ostateczna cena mo\u017ce si\u0119 r\u00f3\u017cni\u0107 w zale\u017cno\u015bci od liczby i z\u0142o\u017cono\u015bci wybranych detali.<\/p>\n","protected":false},"featured_media":10111,"comment_status":"open","ping_status":"closed","template":"","meta":{"inline_featured_image":false},"product_brand":[],"product_cat":[179,153],"product_tag":[],"class_list":{"0":"post-10118","1":"product","2":"type-product","3":"status-publish","4":"has-post-thumbnail","6":"product_cat-buty","7":"product_cat-odzieziakcesoria","9":"first","10":"onbackorder","11":"taxable","12":"shipping-taxable","13":"purchasable","14":"product-type-simple"},"_links":{"self":[{"href":"https:\/\/kanga.exchange\/shop\/wp-json\/wp\/v2\/product\/10118","targetHints":{"allow":["GET"]}}],"collection":[{"href":"https:\/\/kanga.exchange\/shop\/wp-json\/wp\/v2\/product"}],"about":[{"href":"https:\/\/kanga.exchange\/shop\/wp-json\/wp\/v2\/types\/product"}],"replies":[{"embeddable":true,"href":"https:\/\/kanga.exchange\/shop\/wp-json\/wp\/v2\/comments?post=10118"}],"wp:featuredmedia":[{"embeddable":true,"href":"https:\/\/kanga.exchange\/shop\/wp-json\/wp\/v2\/media\/10111"}],"wp:attachment":[{"href":"https:\/\/kanga.exchange\/shop\/wp-json\/wp\/v2\/media?parent=10118"}],"wp:term":[{"taxonomy":"product_brand","embeddable":true,"href":"https:\/\/kanga.exchange\/shop\/wp-json\/wp\/v2\/product_brand?post=10118"},{"taxonomy":"product_cat","embeddable":true,"href":"https:\/\/kanga.exchange\/shop\/wp-json\/wp\/v2\/product_cat?post=10118"},{"taxonomy":"product_tag","embeddable":true,"href":"https:\/\/kanga.exchange\/shop\/wp-json\/wp\/v2\/product_tag?post=10118"}],"curies":[{"name":"wp","href":"https:\/\/api.w.org\/{rel}","templated":true}]}}