{"id":10094,"date":"2024-12-24T13:39:01","date_gmt":"2024-12-24T12:39:01","guid":{"rendered":"https:\/\/kanga.exchange\/shop\/?post_type=product&#038;p=10094"},"modified":"2025-09-19T11:27:18","modified_gmt":"2025-09-19T09:27:18","slug":"kubek-termiczny","status":"publish","type":"product","link":"https:\/\/kanga.exchange\/shop\/produkt\/kubek-termiczny\/","title":{"rendered":"Kubek termiczny"},"content":{"rendered":"<p><span style=\"font-weight: 400;\">Czarny kubek termiczny o pojemno\u015bci 500 ml, wykonany z wysokiej jako\u015bci stali nierdzewnej. Dzi\u0119ki doskona\u0142ym w\u0142a\u015bciwo\u015bciom izotermicznym zapewnia d\u0142ugotrwa\u0142e utrzymanie temperatury napoj\u00f3w, niezale\u017cnie od warunk\u00f3w.<\/span><\/p>\n<p><span style=\"font-weight: 400;\">Wyj\u0105tkowy design autorstwa naszej graficzki przedstawia Kanganaut\u0119 z Bitcoinem w d\u0142oniach na tle logo Kangi, nadaj\u0105c kubkowi unikalny charakter.<\/span><\/p>\n<p><span style=\"font-weight: 400;\">Specyfikacja techniczna:<\/span><\/p>\n<ul>\n<li style=\"font-weight: 400;\" aria-level=\"1\"><span style=\"font-weight: 400;\">Materia\u0142: stal nierdzewna<\/span><\/li>\n<li style=\"font-weight: 400;\" aria-level=\"1\"><span style=\"font-weight: 400;\">Kolor: czarny<\/span><\/li>\n<li style=\"font-weight: 400;\" aria-level=\"1\"><span style=\"font-weight: 400;\">Pojemno\u015b\u0107: 500 ml<\/span><\/li>\n<li style=\"font-weight: 400;\" aria-level=\"1\"><span style=\"font-weight: 400;\">Wysoko\u015b\u0107 23 cm<\/span><\/li>\n<li style=\"font-weight: 400;\" aria-level=\"1\"><span style=\"font-weight: 400;\">Szeroko\u015b\u0107 7 cm<\/span><\/li>\n<\/ul>\n<p><span style=\"font-weight: 400;\">Zastosowanie:<\/span><\/p>\n<p><span style=\"font-weight: 400;\">Kubek termiczny Kanga to idealny wyb\u00f3r dla aktywnych os\u00f3b szukaj\u0105cych niezawodnego akcesorium na wyjazdy, spacery czy d\u0142ugie godziny pracy. Doskonale sprawdzi si\u0119 r\u00f3wnie\u017c w domowym zaciszu, utrzymuj\u0105c temperatur\u0119 ulubionej kawy lub herbaty przez d\u0142u\u017cszy czas.\u00a0<\/span><\/p>\n<p>P\u0142atno\u015b\u0107 Kanga Pay daje rabat -15%.<\/p>\n","protected":false},"excerpt":{"rendered":"<p>Czarny kubek termiczny o pojemno\u015bci 500 ml, wykonany z wysokiej jako\u015bci stali nierdzewnej. Dzi\u0119ki doskona\u0142ym w\u0142a\u015bciwo\u015bciom izotermicznym zapewnia d\u0142ugotrwa\u0142e utrzymanie temperatury napoj\u00f3w, niezale\u017cnie od warunk\u00f3w. Wyj\u0105tkowy design autorstwa naszej graficzki przedstawia Kanganaut\u0119 z Bitcoinem w d\u0142oniach na tle logo Kangi, nadaj\u0105c kubkowi unikalny charakter. Specyfikacja techniczna: Materia\u0142: stal nierdzewna Kolor: czarny Pojemno\u015b\u0107: 500 ml Wysoko\u015b\u0107 [&hellip;]<\/p>\n","protected":false},"featured_media":10091,"comment_status":"open","ping_status":"closed","template":"","meta":{"inline_featured_image":false},"product_brand":[],"product_cat":[160,57],"product_tag":[],"class_list":{"0":"post-10094","1":"product","2":"type-product","3":"status-publish","4":"has-post-thumbnail","6":"product_cat-gadzetyiakcesoriabiurowe","7":"product_cat-kubki","9":"first","10":"instock","11":"taxable","12":"shipping-taxable","13":"purchasable","14":"product-type-simple"},"_links":{"self":[{"href":"https:\/\/kanga.exchange\/shop\/wp-json\/wp\/v2\/product\/10094","targetHints":{"allow":["GET"]}}],"collection":[{"href":"https:\/\/kanga.exchange\/shop\/wp-json\/wp\/v2\/product"}],"about":[{"href":"https:\/\/kanga.exchange\/shop\/wp-json\/wp\/v2\/types\/product"}],"replies":[{"embeddable":true,"href":"https:\/\/kanga.exchange\/shop\/wp-json\/wp\/v2\/comments?post=10094"}],"wp:featuredmedia":[{"embeddable":true,"href":"https:\/\/kanga.exchange\/shop\/wp-json\/wp\/v2\/media\/10091"}],"wp:attachment":[{"href":"https:\/\/kanga.exchange\/shop\/wp-json\/wp\/v2\/media?parent=10094"}],"wp:term":[{"taxonomy":"product_brand","embeddable":true,"href":"https:\/\/kanga.exchange\/shop\/wp-json\/wp\/v2\/product_brand?post=10094"},{"taxonomy":"product_cat","embeddable":true,"href":"https:\/\/kanga.exchange\/shop\/wp-json\/wp\/v2\/product_cat?post=10094"},{"taxonomy":"product_tag","embeddable":true,"href":"https:\/\/kanga.exchange\/shop\/wp-json\/wp\/v2\/product_tag?post=10094"}],"curies":[{"name":"wp","href":"https:\/\/api.w.org\/{rel}","templated":true}]}}