{"id":9490,"date":"2024-10-27T20:15:53","date_gmt":"2024-10-27T19:15:53","guid":{"rendered":"https:\/\/kanga.exchange\/shop\/?page_id=9490"},"modified":"2025-06-10T11:10:41","modified_gmt":"2025-06-10T09:10:41","slug":"unicoin","status":"publish","type":"page","link":"https:\/\/kanga.exchange\/shop\/unicoin\/","title":{"rendered":"Unicoin"},"content":{"rendered":"\t\t<div data-elementor-type=\"wp-page\" data-elementor-id=\"9490\" class=\"elementor elementor-9490\" data-elementor-post-type=\"page\">\n\t\t\t\t<div class=\"elementor-element elementor-element-b8458a0 e-flex e-con-boxed e-con e-parent\" data-id=\"b8458a0\" data-element_type=\"container\">\r\n\t\t\t\t\t<div class=\"e-con-inner\">\r\n\t\t\t\t<div class=\"elementor-element elementor-element-9d4d61f elementor-widget elementor-widget-text-editor\" data-id=\"9d4d61f\" data-element_type=\"widget\" data-widget_type=\"text-editor.default\">\n\t\t\t\t<div class=\"elementor-widget-container\">\n\t\t\t\t\t\t\t\t\t<p><div class=\"unicoin-shortcode-container\"><span class=\"unicoin-shortcode-label\">Twoje Unicoiny <\/span><\/div><\/p>\t\t\t\t\t\t\t\t<\/div>\n\t\t\t\t<\/div>\n\t\t<div class=\"elementor-element elementor-element-ec5b5e2 e-con-full e-flex e-con e-child\" data-id=\"ec5b5e2\" data-element_type=\"container\">\r\n\t\t<div class=\"elementor-element elementor-element-159954c e-con-full e-flex e-con e-child\" data-id=\"159954c\" data-element_type=\"container\">\r\n\t\t\t\t<div class=\"elementor-element elementor-element-6b14b32 elementor-widget elementor-widget-image\" data-id=\"6b14b32\" data-element_type=\"widget\" data-widget_type=\"image.default\">\n\t\t\t\t<div class=\"elementor-widget-container\">\n\t\t\t\t\t\t\t\t\t\t\t\t\t\t\t<img fetchpriority=\"high\" decoding=\"async\" width=\"1024\" height=\"1024\" src=\"https:\/\/kanga.exchange\/shop\/wp-content\/uploads\/2025\/05\/token-kng-lewo-1-1024x1024.png\" class=\"attachment-large size-large wp-image-11605\" alt=\"\" srcset=\"https:\/\/kanga.exchange\/shop\/wp-content\/uploads\/2025\/05\/token-kng-lewo-1-1024x1024.png 1024w, https:\/\/kanga.exchange\/shop\/wp-content\/uploads\/2025\/05\/token-kng-lewo-1-768x768.png 768w, https:\/\/kanga.exchange\/shop\/wp-content\/uploads\/2025\/05\/token-kng-lewo-1-640x640.png 640w, https:\/\/kanga.exchange\/shop\/wp-content\/uploads\/2025\/05\/token-kng-lewo-1-400x400.png 400w, https:\/\/kanga.exchange\/shop\/wp-content\/uploads\/2025\/05\/token-kng-lewo-1-560x560.png 560w, https:\/\/kanga.exchange\/shop\/wp-content\/uploads\/2025\/05\/token-kng-lewo-1-367x367.png 367w, https:\/\/kanga.exchange\/shop\/wp-content\/uploads\/2025\/05\/token-kng-lewo-1-600x600.png 600w\" sizes=\"(max-width: 1024px) 100vw, 1024px\" \/>\t\t\t\t\t\t\t\t\t\t\t\t\t\t\t<\/div>\n\t\t\t\t<\/div>\n\t\t<div class=\"elementor-element elementor-element-40f3b47 e-con-full e-flex e-con e-child\" data-id=\"40f3b47\" data-element_type=\"container\">\r\n\t\t\t\t<div class=\"elementor-element elementor-element-9b47a36 elementor-widget elementor-widget-heading\" data-id=\"9b47a36\" data-element_type=\"widget\" data-widget_type=\"heading.default\">\n\t\t\t\t<div class=\"elementor-widget-container\">\n\t\t\t\t\t<h2 class=\"elementor-heading-title elementor-size-default\"><b>UniCoin<\/b><\/h2>\t\t\t\t<\/div>\n\t\t\t\t<\/div>\n\t\t\t\t<div class=\"elementor-element elementor-element-3ccd2bc elementor-widget elementor-widget-text-editor\" data-id=\"3ccd2bc\" data-element_type=\"widget\" data-widget_type=\"text-editor.default\">\n\t\t\t\t<div class=\"elementor-widget-container\">\n\t\t\t\t\t\t\t\t\t<p><b>UNICOIN<\/b> to nie token ani coin, lecz system punkt\u00f3w przyznawanych za Twoje zaanga\u017cowanie i aktywno\u015b\u0107 w Kanga University \u2014 nagradza pasj\u0119 do rozwoju osobistego.<\/p>\t\t\t\t\t\t\t\t<\/div>\n\t\t\t\t<\/div>\n\t\t\t\t<\/div>\n\t\t\t\t<\/div>\n\t\t<div class=\"elementor-element elementor-element-6e37479 e-con-full e-flex e-con e-child\" data-id=\"6e37479\" data-element_type=\"container\">\r\n\t\t<div class=\"elementor-element elementor-element-3e1eaed e-con-full e-flex e-con e-child\" data-id=\"3e1eaed\" data-element_type=\"container\">\r\n\t\t\t\t<div class=\"elementor-element elementor-element-a5deb7e elementor-widget elementor-widget-heading\" data-id=\"a5deb7e\" data-element_type=\"widget\" data-widget_type=\"heading.default\">\n\t\t\t\t<div class=\"elementor-widget-container\">\n\t\t\t\t\t<h2 class=\"elementor-heading-title elementor-size-default\">Jak zdoby\u0107 <b>UniCoiny?<\/b>\n<\/h2>\t\t\t\t<\/div>\n\t\t\t\t<\/div>\n\t\t\t\t<div class=\"elementor-element elementor-element-5bf4a18 elementor-widget elementor-widget-text-editor\" data-id=\"5bf4a18\" data-element_type=\"widget\" data-widget_type=\"text-editor.default\">\n\t\t\t\t<div class=\"elementor-widget-container\">\n\t\t\t\t\t\t\t\t\t<p>Ucz\u0105c si\u0119! Z ka\u017cdym kolejnym quizem dostajesz wi\u0119cej Unicoin\u00f3w. Ilo\u015b\u0107 punkt\u00f3w zale\u017cy od poziomu zaawansowania kursu, co oznacza, \u017ce im wi\u0119cej si\u0119 uczysz, tym wi\u0119cej zdobywasz.&nbsp;<br><span style=\"color: inherit; font-family: inherit; font-size: inherit; font-weight: inherit; letter-spacing: inherit; text-align: var(--text-align);\">Ich saldo znajdziesz m.in. na pasku menu naszego uniwersytetu w zak\u0142adce \u201cZdobywaj Unicoiny\u201d.<\/span><\/p>\t\t\t\t\t\t\t\t<\/div>\n\t\t\t\t<\/div>\n\t\t\t\t<\/div>\n\t\t<div class=\"elementor-element elementor-element-bb4ce48 e-con-full e-flex e-con e-child\" data-id=\"bb4ce48\" data-element_type=\"container\">\r\n\t\t\t\t<div class=\"elementor-element elementor-element-55448f6 elementor-widget elementor-widget-heading\" data-id=\"55448f6\" data-element_type=\"widget\" data-widget_type=\"heading.default\">\n\t\t\t\t<div class=\"elementor-widget-container\">\n\t\t\t\t\t<h2 class=\"elementor-heading-title elementor-size-default\">Gdzie wydam <b>UniCoiny?<\/b><\/h2>\t\t\t\t<\/div>\n\t\t\t\t<\/div>\n\t\t\t\t<div class=\"elementor-element elementor-element-956f46f elementor-widget elementor-widget-text-editor\" data-id=\"956f46f\" data-element_type=\"widget\" data-widget_type=\"text-editor.default\">\n\t\t\t\t<div class=\"elementor-widget-container\">\n\t\t\t\t\t\t\t\t\t<p>W KangaShop! Wszystkie zdobyte za nauk\u0119 punkty mo\u017cesz wymieni\u0107 na zni\u017cki na produkty dost\u0119pne w sklepie.\u00a0<br \/><span style=\"color: inherit; font-family: inherit; font-size: inherit; font-weight: inherit; letter-spacing: inherit; text-align: var(--text-align);\">Wystarczy, \u017ce dodasz produkt do koszyka, klikniesz \u201cu\u017cyj unicoin\u00f3w\u201d i gotowe! Rabat zostaje naliczony automatycznie.<\/span><\/p>\t\t\t\t\t\t\t\t<\/div>\n\t\t\t\t<\/div>\n\t\t\t\t<\/div>\n\t\t\t\t<\/div>\n\t\t\t\t<\/div>\n\t\t\t\t\t<\/div>\n\t\t\t\t<\/div>\n\t\t\t\t<\/div>\n\t\t","protected":false},"excerpt":{"rendered":"<p>UniCoin UNICOIN to nie token ani coin, lecz system punkt\u00f3w przyznawanych za Twoje zaanga\u017cowanie i aktywno\u015b\u0107 w Kanga University \u2014 nagradza pasj\u0119 do rozwoju osobistego. Jak zdoby\u0107 UniCoiny? Ucz\u0105c si\u0119! Z ka\u017cdym kolejnym quizem dostajesz wi\u0119cej Unicoin\u00f3w. Ilo\u015b\u0107 punkt\u00f3w zale\u017cy od poziomu zaawansowania kursu, co oznacza, \u017ce im wi\u0119cej si\u0119 uczysz, tym wi\u0119cej zdobywasz.&nbsp;Ich saldo [&hellip;]<\/p>\n","protected":false},"author":109,"featured_media":0,"parent":0,"menu_order":0,"comment_status":"closed","ping_status":"closed","template":"","meta":{"inline_featured_image":false,"footnotes":""},"class_list":["post-9490","page","type-page","status-publish","hentry"],"_links":{"self":[{"href":"https:\/\/kanga.exchange\/shop\/wp-json\/wp\/v2\/pages\/9490","targetHints":{"allow":["GET"]}}],"collection":[{"href":"https:\/\/kanga.exchange\/shop\/wp-json\/wp\/v2\/pages"}],"about":[{"href":"https:\/\/kanga.exchange\/shop\/wp-json\/wp\/v2\/types\/page"}],"author":[{"embeddable":true,"href":"https:\/\/kanga.exchange\/shop\/wp-json\/wp\/v2\/users\/109"}],"replies":[{"embeddable":true,"href":"https:\/\/kanga.exchange\/shop\/wp-json\/wp\/v2\/comments?post=9490"}],"version-history":[{"count":10,"href":"https:\/\/kanga.exchange\/shop\/wp-json\/wp\/v2\/pages\/9490\/revisions"}],"predecessor-version":[{"id":12383,"href":"https:\/\/kanga.exchange\/shop\/wp-json\/wp\/v2\/pages\/9490\/revisions\/12383"}],"wp:attachment":[{"href":"https:\/\/kanga.exchange\/shop\/wp-json\/wp\/v2\/media?parent=9490"}],"curies":[{"name":"wp","href":"https:\/\/api.w.org\/{rel}","templated":true}]}}