{"id":8768,"date":"2024-08-30T09:10:17","date_gmt":"2024-08-30T07:10:17","guid":{"rendered":"https:\/\/kanga.exchange\/shop\/?page_id=8768"},"modified":"2025-05-22T14:28:55","modified_gmt":"2025-05-22T12:28:55","slug":"wspolpracuj-z-nami","status":"publish","type":"page","link":"https:\/\/kanga.exchange\/shop\/wspolpracuj-z-nami\/","title":{"rendered":"Wsp\u00f3\u0142pracuj z nami!"},"content":{"rendered":"\t\t<div data-elementor-type=\"wp-page\" data-elementor-id=\"8768\" class=\"elementor elementor-8768\" data-elementor-post-type=\"page\">\n\t\t\t\t<div class=\"elementor-element elementor-element-a2c81af e-flex e-con-boxed e-con e-parent\" data-id=\"a2c81af\" data-element_type=\"container\">\r\n\t\t\t\t\t<div class=\"e-con-inner\">\r\n\t\t\t\t<div class=\"elementor-element elementor-element-1dce130f elementor-widget elementor-widget-text-editor\" data-id=\"1dce130f\" data-element_type=\"widget\" data-widget_type=\"text-editor.default\">\n\t\t\t\t<div class=\"elementor-widget-container\">\n\t\t\t\t\t\t\t\t\t\n<p style=\"text-align: center;\">Daj zna\u0107, je\u015bli masz pomys\u0142 na wsp\u00f3\u0142prac\u0119 w ramach Kanga Shop! Wy\u015blij do nas maila na<a href=\"mailto:shop@kanga.exchange\"><strong> shop@kanga.exchange<\/strong><\/a> <br \/>z opisem proponowanej wsp\u00f3\u0142pracy, a na pewno si\u0119 do niego odniesiemy.<\/p>\n<p><\/p>\t\t\t\t\t\t\t\t<\/div>\n\t\t\t\t<\/div>\n\t\t\t\t\t<\/div>\n\t\t\t\t<\/div>\n\t\t\t\t<\/div>\n\t\t","protected":false},"excerpt":{"rendered":"<p>Daj zna\u0107, je\u015bli masz pomys\u0142 na wsp\u00f3\u0142prac\u0119 w ramach Kanga Shop! Wy\u015blij do nas maila na shop@kanga.exchange z opisem proponowanej wsp\u00f3\u0142pracy, a na pewno si\u0119 do niego odniesiemy.<\/p>\n","protected":false},"author":3,"featured_media":0,"parent":0,"menu_order":0,"comment_status":"closed","ping_status":"closed","template":"","meta":{"inline_featured_image":false,"footnotes":""},"class_list":["post-8768","page","type-page","status-publish","hentry"],"_links":{"self":[{"href":"https:\/\/kanga.exchange\/shop\/wp-json\/wp\/v2\/pages\/8768","targetHints":{"allow":["GET"]}}],"collection":[{"href":"https:\/\/kanga.exchange\/shop\/wp-json\/wp\/v2\/pages"}],"about":[{"href":"https:\/\/kanga.exchange\/shop\/wp-json\/wp\/v2\/types\/page"}],"author":[{"embeddable":true,"href":"https:\/\/kanga.exchange\/shop\/wp-json\/wp\/v2\/users\/3"}],"replies":[{"embeddable":true,"href":"https:\/\/kanga.exchange\/shop\/wp-json\/wp\/v2\/comments?post=8768"}],"version-history":[{"count":8,"href":"https:\/\/kanga.exchange\/shop\/wp-json\/wp\/v2\/pages\/8768\/revisions"}],"predecessor-version":[{"id":11786,"href":"https:\/\/kanga.exchange\/shop\/wp-json\/wp\/v2\/pages\/8768\/revisions\/11786"}],"wp:attachment":[{"href":"https:\/\/kanga.exchange\/shop\/wp-json\/wp\/v2\/media?parent=8768"}],"curies":[{"name":"wp","href":"https:\/\/api.w.org\/{rel}","templated":true}]}}