{"id":6186,"date":"2023-10-10T13:25:49","date_gmt":"2023-10-10T11:25:49","guid":{"rendered":"https:\/\/kanga.exchange\/shop\/?page_id=6186"},"modified":"2025-05-22T14:29:06","modified_gmt":"2025-05-22T12:29:06","slug":"pouczenie-o-prawie-do-odstapienia-od-umowy","status":"publish","type":"page","link":"https:\/\/kanga.exchange\/shop\/pouczenie-o-prawie-do-odstapienia-od-umowy\/","title":{"rendered":"Pouczenie  o prawie do odst\u0105pienia od umowy"},"content":{"rendered":"\t\t<div data-elementor-type=\"wp-page\" data-elementor-id=\"6186\" class=\"elementor elementor-6186\" data-elementor-post-type=\"page\">\n\t\t\t\t<div class=\"elementor-element elementor-element-481cba8f e-flex e-con-boxed e-con e-parent\" data-id=\"481cba8f\" data-element_type=\"container\">\r\n\t\t\t\t\t<div class=\"e-con-inner\">\r\n\t\t\t\t<div class=\"elementor-element elementor-element-7f086cdb elementor-widget elementor-widget-text-editor\" data-id=\"7f086cdb\" data-element_type=\"widget\" data-widget_type=\"text-editor.default\">\n\t\t\t\t<div class=\"elementor-widget-container\">\n\t\t\t\t\t\t\t\t\t<p><span style=\"font-weight: 400;\">Maj\u0105 Pa\u0144stwo prawo odst\u0105pi\u0107 od niniejszej umowy w terminie 14 dni bez podania jakiejkolwiek przyczyny.<\/span><\/p><p><span style=\"font-weight: 400;\">Termin do odst\u0105pienia od umowy wygasa po up\u0142ywie 14 dni od dnia:<\/span><\/p><ol><li style=\"font-weight: 400;\" aria-level=\"1\"><span style=\"font-weight: 400;\">w kt\u00f3rym weszli Pa\u0144stwo w posiadanie towaru lub w kt\u00f3rym osoba trzecia inna ni\u017c przewo\u017anik i wskazana przez Pa\u0144stwa wesz\u0142a w posiadanie towaru &#8211; w przypadku umowy zobowi\u0105zuj\u0105cej do przeniesienia w\u0142asno\u015bci towaru,<\/span><\/li><li style=\"font-weight: 400;\" aria-level=\"1\"><span style=\"font-weight: 400;\">w kt\u00f3rym weszli Pa\u0144stwo w posiadanie ostatniej z towaru lub w kt\u00f3rym osoba trzecia inna ni\u017c przewo\u017anik i wskazana przez Pa\u0144stwa wesz\u0142a w posiadanie ostatniego z towar\u00f3w\u2013 w przypadku umowy zobowi\u0105zuj\u0105cej do przeniesienia w\u0142asno\u015bci wielu towar\u00f3w, kt\u00f3re dostarczane s\u0105 osobno,<\/span><\/li><li style=\"font-weight: 400;\" aria-level=\"1\"><span style=\"font-weight: 400;\">w kt\u00f3rym weszli Pa\u0144stwo w posiadanie ostatniej partii lub cz\u0119\u015bci lub w kt\u00f3rym osoba trzecia inna ni\u017c przewo\u017anik i wskazana przez Pa\u0144stwa wesz\u0142a w posiadanie ostatniej partii lub cz\u0119\u015bci \u2013 w przypadku umowy zobowi\u0105zuj\u0105cej do przeniesienia w\u0142asno\u015bci towar\u00f3w dostarczanych partiami lub w cz\u0119\u015bciach,<\/span><\/li><li style=\"font-weight: 400;\" aria-level=\"1\"><span style=\"font-weight: 400;\">zawarcia umowy &#8211; w przypadku um\u00f3w o \u015bwiadczenie us\u0142ug.<\/span><\/li><\/ol><p><span style=\"font-weight: 400;\">Aby skorzysta\u0107 z prawa odst\u0105pienia od umowy, musz\u0105 Pa\u0144stwo poinformowa\u0107 nas, to jest INDIVIDUELLE Sp. z o.o.,<\/span> <span style=\"font-weight: 400;\">Lucyny Krzemienieckiej 9A, 80-448 Gda\u0144sk<\/span><span style=\"font-weight: 400;\">, adres poczty elektronicznej (adres e-mail): <\/span><a href=\"mailto:shop@kanga.exchange\"><span style=\"font-weight: 400;\">shop@kanga.exchan<\/span><span style=\"font-weight: 400;\">ge<\/span><\/a><span style=\"font-weight: 400;\"> (<\/span><span style=\"font-weight: 400;\">op\u0142ata jak za zwyk\u0142e po\u0142\u0105czenie telefoniczne, zgodnie z pakietem taryfowym operatora, z kt\u00f3rego us\u0142ug korzystasz), o swojej decyzji o odst\u0105pieniu od niniejszej umowy w drodze jednoznacznego o\u015bwiadczenia, na przyk\u0142ad przez pismo wys\u0142ane za po\u015brednictwem poczty elektronicznej na adres:<\/span> <a href=\"mailto:shop@kanga.exchange\"><span style=\"font-weight: 400;\">shop@kanga.exchange<\/span><\/a><span style=\"font-weight: 400;\">, lub pismo wys\u0142ane poczt\u0105 na adres: INDIVIDUELLE Sp. z o.o., Lucyny Krzemienieckiej 9A, 80-448 Gda\u0144sk.<\/span><\/p><p><span style=\"font-weight: 400;\">Mog\u0105 Pa\u0144stwo skorzysta\u0107 z wzoru formularza odst\u0105pienia od umowy, jednak nie jest to obowi\u0105zkowe. Aby zachowa\u0107 termin do odst\u0105pienia od umowy, wystarczy, aby wys\u0142ali Pa\u0144stwo informacj\u0119 dotycz\u0105c\u0105 wykonania przys\u0142uguj\u0105cego Pa\u0144stwu prawa odst\u0105pienia od umowy przed up\u0142ywem terminu do odst\u0105pienia od umowy.<\/span><\/p><ul><li aria-level=\"1\"><b>Skutki odst\u0105pienia od umowy<\/b><\/li><\/ul><p><span style=\"font-weight: 400;\">W przypadku odst\u0105pienia od niniejszej umowy zwracamy Pa\u0144stwu wszystkie otrzymane od Pa\u0144stwa p\u0142atno\u015bci (w tym koszty dostarczenia towar\u00f3w, jednak z wyj\u0105tkiem dodatkowych koszt\u00f3w wynikaj\u0105cych z wybranego przez Klienta sposobu dostarczenia innego ni\u017c najta\u0144szy zwyk\u0142y spos\u00f3b dostarczenia oferowany przez Sprzedaj\u0105cego), niezw\u0142ocznie, a w ka\u017cdym przypadku nie p\u00f3\u017aniej ni\u017c 14 dni od dnia, w kt\u00f3rym zostali\u015bmy poinformowani o Pa\u0144stwa decyzji o wykonaniu prawa odst\u0105pienia od niniejszej umowy.<\/span><\/p><p><span style=\"font-weight: 400;\">Zwrotu p\u0142atno\u015bci dokonamy przy u\u017cyciu takich samych sposob\u00f3w p\u0142atno\u015bci, jakie zosta\u0142y przez Pa\u0144stwa u\u017cyte w pierwotnej transakcji, chyba \u017ce wyra\u017anie zgodzili si\u0119 Pa\u0144stwo na inne rozwi\u0105zanie; w ka\u017cdym przypadku nie ponios\u0105 Pa\u0144stwo \u017cadnych op\u0142at w zwi\u0105zku z tym zwrotem.<\/span><\/p><p><span style=\"font-weight: 400;\">Mo\u017cemy wstrzyma\u0107 si\u0119 ze zwrotem p\u0142atno\u015bci do czasu otrzymania towaru lub do czasu dostarczenia<\/span><\/p><p><span style=\"font-weight: 400;\">nam dowodu jego odes\u0142ania, w zale\u017cno\u015bci od tego, kt\u00f3re zdarzenie nast\u0105pi wcze\u015bniej.<\/span><\/p><p><span style=\"font-weight: 400;\">Prosimy odes\u0142a\u0107 lub przekaza\u0107 nam towar niezw\u0142ocznie, a w ka\u017cdym razie nie p\u00f3\u017aniej ni\u017c 14 dni od dnia, w kt\u00f3rym poinformowali nas Pa\u0144stwo o odst\u0105pieniu od niniejszej umowy. Termin jest zachowany, je\u017celi ode\u015bl\u0105 Pa\u0144stwo towar przed up\u0142ywem terminu 14 dni na adres:<\/span> <span style=\"font-weight: 400;\">INDIVIDUELLE Sp. z o.o., ul. Grunwaldzka 229, 80-266 Gda\u0144sk.<\/span><\/p><p><span style=\"font-weight: 400;\">B\u0119d\u0105 Pa\u0144stwo musieli ponie\u015b\u0107 bezpo\u015brednie koszty zwrotu towaru, w szczeg\u00f3lno\u015bci c\u0142a i podatki zwi\u0105zane ze zwrotem towaru.<\/span><\/p><p><span style=\"font-weight: 400;\">Odpowiadaj\u0105 Pa\u0144stwo tylko za zmniejszenie warto\u015bci towaru wynikaj\u0105ce z korzystania z niej w spos\u00f3b <\/span><span style=\"font-weight: 400;\">inny ni\u017c by\u0142o to konieczne do stwierdzenia charakteru, cech i funkcjonowania towaru.<\/span><\/p><h5><a href=\"https:\/\/drive.google.com\/file\/d\/1txcU-_OB7QLI9pt4bH3YI__qTapPh6OJ\/view?usp=sharing\">Za\u0142\u0105cznik 1<\/a><\/h5><h5><a href=\"https:\/\/drive.google.com\/file\/d\/1LorG16WCxy1r_-VK022II4EWiGH4UOvT\/view?usp=sharing\">Za\u0142\u0105cznik 2<\/a><\/h5>\t\t\t\t\t\t\t\t<\/div>\n\t\t\t\t<\/div>\n\t\t\t\t\t<\/div>\n\t\t\t\t<\/div>\n\t\t\t\t<\/div>\n\t\t","protected":false},"excerpt":{"rendered":"<p>Maj\u0105 Pa\u0144stwo prawo odst\u0105pi\u0107 od niniejszej umowy w terminie 14 dni bez podania jakiejkolwiek przyczyny. Termin do odst\u0105pienia od umowy wygasa po up\u0142ywie 14 dni od dnia: w kt\u00f3rym weszli Pa\u0144stwo w posiadanie towaru lub w kt\u00f3rym osoba trzecia inna ni\u017c przewo\u017anik i wskazana przez Pa\u0144stwa wesz\u0142a w posiadanie towaru &#8211; w przypadku umowy zobowi\u0105zuj\u0105cej [&hellip;]<\/p>\n","protected":false},"author":3,"featured_media":0,"parent":0,"menu_order":0,"comment_status":"closed","ping_status":"closed","template":"","meta":{"inline_featured_image":false,"footnotes":""},"class_list":["post-6186","page","type-page","status-publish","hentry"],"_links":{"self":[{"href":"https:\/\/kanga.exchange\/shop\/wp-json\/wp\/v2\/pages\/6186","targetHints":{"allow":["GET"]}}],"collection":[{"href":"https:\/\/kanga.exchange\/shop\/wp-json\/wp\/v2\/pages"}],"about":[{"href":"https:\/\/kanga.exchange\/shop\/wp-json\/wp\/v2\/types\/page"}],"author":[{"embeddable":true,"href":"https:\/\/kanga.exchange\/shop\/wp-json\/wp\/v2\/users\/3"}],"replies":[{"embeddable":true,"href":"https:\/\/kanga.exchange\/shop\/wp-json\/wp\/v2\/comments?post=6186"}],"version-history":[{"count":12,"href":"https:\/\/kanga.exchange\/shop\/wp-json\/wp\/v2\/pages\/6186\/revisions"}],"predecessor-version":[{"id":11789,"href":"https:\/\/kanga.exchange\/shop\/wp-json\/wp\/v2\/pages\/6186\/revisions\/11789"}],"wp:attachment":[{"href":"https:\/\/kanga.exchange\/shop\/wp-json\/wp\/v2\/media?parent=6186"}],"curies":[{"name":"wp","href":"https:\/\/api.w.org\/{rel}","templated":true}]}}