{"id":6372,"date":"2023-10-30T11:14:38","date_gmt":"2023-10-30T10:14:38","guid":{"rendered":"https:\/\/kanga.exchange\/shop\/?post_type=product&#038;p=6372"},"modified":"2026-03-05T11:12:56","modified_gmt":"2026-03-05T10:12:56","slug":"book-cryptocurrencies","status":"publish","type":"product","link":"https:\/\/kanga.exchange\/shop\/en\/product\/book-cryptocurrencies\/","title":{"rendered":"Book Cryptocurrencies"},"content":{"rendered":"<p><span style=\"font-weight: 400;\">What makes this book special? First, it&#8217;s a source of reliable knowledge. Second, it&#8217;s where you&#8217;ll discover how Bitcoin, Ethereum and other cryptocurrencies are changing the face of finance and how you can profit from this revolution.<\/span><\/p>\n<p><span style=\"font-weight: 400;\">This book offers 348 pages full of knowledge, while maintaining high quality thanks to 90 g paper. The printing company, Zak\u0142ad Poligraficzny Mo\u015b &amp; \u0141ukasz Sp.j., has ensured that each page is perfectly crafted to make the content readable and durable. In addition, the book has a hard cover, which further protects it from damage and gives it an elegant look.<\/span><\/p>\n<p><span style=\"font-weight: 400;\">The main sponsor of this edition is Kanga Exchange &#8211; a company that stands for professionalism and commitment to the world of cryptocurrencies.\u00a0<\/span><\/p>\n<p><span style=\"font-weight: 400;\">Order now from our crypto store and get ready for a journey through the world of digital wealth! In addition, for all crypto enthusiasts, we offer a wide selection of cryptocurrency gadgets and gifts with a crypto theme.<\/span><\/p>\n<p><span style=\"font-weight: 400;\">Payment with Kanga Pay provides a 15% discount.<\/span><\/p>\n","protected":false},"excerpt":{"rendered":"<p>&nbsp;<\/p>\n<p>&nbsp;<\/p>\n","protected":false},"featured_media":6367,"comment_status":"open","ping_status":"closed","template":"","meta":{"inline_featured_image":false},"product_brand":[],"product_cat":[82],"product_tag":[],"class_list":{"0":"post-6372","1":"product","2":"type-product","3":"status-publish","4":"has-post-thumbnail","6":"product_cat-book","8":"first","9":"instock","10":"sale","11":"taxable","12":"shipping-taxable","13":"purchasable","14":"product-type-simple"},"_links":{"self":[{"href":"https:\/\/kanga.exchange\/shop\/en\/wp-json\/wp\/v2\/product\/6372","targetHints":{"allow":["GET"]}}],"collection":[{"href":"https:\/\/kanga.exchange\/shop\/en\/wp-json\/wp\/v2\/product"}],"about":[{"href":"https:\/\/kanga.exchange\/shop\/en\/wp-json\/wp\/v2\/types\/product"}],"replies":[{"embeddable":true,"href":"https:\/\/kanga.exchange\/shop\/en\/wp-json\/wp\/v2\/comments?post=6372"}],"wp:featuredmedia":[{"embeddable":true,"href":"https:\/\/kanga.exchange\/shop\/en\/wp-json\/wp\/v2\/media\/6367"}],"wp:attachment":[{"href":"https:\/\/kanga.exchange\/shop\/en\/wp-json\/wp\/v2\/media?parent=6372"}],"wp:term":[{"taxonomy":"product_brand","embeddable":true,"href":"https:\/\/kanga.exchange\/shop\/en\/wp-json\/wp\/v2\/product_brand?post=6372"},{"taxonomy":"product_cat","embeddable":true,"href":"https:\/\/kanga.exchange\/shop\/en\/wp-json\/wp\/v2\/product_cat?post=6372"},{"taxonomy":"product_tag","embeddable":true,"href":"https:\/\/kanga.exchange\/shop\/en\/wp-json\/wp\/v2\/product_tag?post=6372"}],"curies":[{"name":"wp","href":"https:\/\/api.w.org\/{rel}","templated":true}]}}